{"id":52,"date":"2024-08-15T16:42:43","date_gmt":"2024-08-15T16:42:43","guid":{"rendered":"https:\/\/kapala-maki.fi\/?page_id=52"},"modified":"2024-10-24T10:45:19","modified_gmt":"2024-10-24T10:45:19","slug":"saannot","status":"publish","type":"page","link":"https:\/\/kapala-maki.fi\/?page_id=52","title":{"rendered":"S\u00e4\u00e4nn\u00f6t"},"content":{"rendered":"\n<h2 class=\"wp-block-heading\">K\u00e4p\u00e4l\u00e4m\u00e4en T\u00c4RKEIMM\u00c4T OHJEET!<\/h2>\n\n\n\n<ol class=\"wp-block-list\">\n<li>Pys\u00e4k\u00f6i tilaa s\u00e4\u00e4st\u00e4en! Sinun j\u00e4lkeesi saattaa tulla isompi ryhm\u00e4, jolla<br>on useampi auto.<\/li>\n\n\n\n<li>Odota autossa tai kauempana portista esim. tiealueella kunnes edellinen varaaja on<br>poistunut.<\/li>\n\n\n\n<li>Edellisen varaajan poistuttua voit menn\u00e4 omalla porttikoodillasi<br>sis\u00e4\u00e4n. Koodi toimii vasta tasan oman vuorosi alkaessa.<strong> Koodissa on 5<br>numeroa ja #<\/strong>.<\/li>\n\n\n\n<li>Koiran terveys, jos koirallasi on ripuli,kennelysk\u00e4 tai muu tarttuva tauti eth\u00e4n tuo silloin koiraasi K\u00e4p\u00e4l\u00e4m\u00e4keen. Huolehdithan ett\u00e4 koirasi on my\u00f6s rokotettu Kennelliiton s\u00e4\u00e4nt\u00f6jen mukaisesti.<\/li>\n\n\n\n<li>Poistu hyviss\u00e4 ajoin ennen vuorosi p\u00e4\u00e4ttymist\u00e4 ja vie koirasi autoon<br>heti, jotta seuraava varaaja p\u00e4\u00e4see oman vuoronsa alkaessa sis\u00e4\u00e4n. Sakko yliajasta on 50\u20ac, sill\u00e4 my\u00f6h\u00e4styminen<br>joudutaan korvaamaan seuraavalle varaajalle.<\/li>\n\n\n\n<li>Maksamalla varausmaksun, hyv\u00e4ksyt K\u00e4p\u00e4l\u00e4m\u00e4en s\u00e4\u00e4nn\u00f6t ja sitoudut noudattamaan niit\u00e4.<\/li>\n\n\n\n<li>K\u00e4p\u00e4l\u00e4m\u00e4ess\u00e4 liikut omalla vastuulla ja koirat ovat omistajansa<br>vastuulla!<\/li>\n\n\n\n<li>Koiraa\u00a0ei\u00a0saa\u00a0j\u00e4tt\u00e4\u00e4\u00a0valvomatta\u00a0koiramets\u00e4\u00e4n.\u00a0Huolehdithan\u00a0ettei\u00a0koirasi\u00a0kaiva\u00a0maata\u00a0aitojen\u00a0\/\u00a0porttien\u00a0l\u00e4heisyydess\u00e4.<\/li>\n\n\n\n<li>Koiramets\u00e4\u00a0ei\u00a0vastaa\u00a0mets\u00e4st\u00e4\u00a0karanneista\u00a0koirista.\u00a0Koiramets\u00e4\u00a0on\u00a0vaihteleva\u00a0maastoinen,\u00a0huolehdithan\u00a0koirasi\u00a0turvallisuudesta.<\/li>\n\n\n\n<li>Koiramets\u00e4\u00a0ei\u00a0ole\u00a0korvausvelvollinen\u00a0siell\u00e4\u00a0sattuneista\u00a0tapaturmista.<\/li>\n\n\n\n<li>Alue on valaistu, mutta s\u00e4hk\u00f6katkojen varalta on hyv\u00e4 olla mukana<br>otsalamppu\/taskulamppu pime\u00e4ll\u00e4.<\/li>\n\n\n\n<li>Ker\u00e4\u00e4th\u00e4n koirasi j\u00e4t\u00f6kset. Alueella on kakkakomposteja ja<br>roskiksia. Noudatathan ohjeita!<\/li>\n\n\n\n<li>Ongelmatilanteissa ota yhteytt\u00e4 K\u00c4P\u00c4L\u00c4M\u00c4KEEN \/ <strong>0400 768635<\/strong><\/li>\n<\/ol>\n\n\n\n<h4 class=\"wp-block-heading\">VUORON PERUUTUS EHDOT<\/h4>\n\n\n\n<h4 class=\"wp-block-heading\">Varatun vuoron voit peruuttaa 24h ennen vuoron alkua. Vuoron<br>peruutus tehd\u00e4\u00e4n ottamalla aina yhteytt\u00e4 K\u00c4P\u00c4L\u00c4M\u00c4KEEN puhelimitse 0400 768635 Maksamalla&nbsp;varausmaksun&nbsp;hyv\u00e4ksyt&nbsp;koiramets\u00e4n&nbsp;s\u00e4\u00e4nn\u00f6t.&nbsp;\ufeff<\/h4>\n\n\n\n<hr class=\"wp-block-separator has-alpha-channel-opacity is-style-wide\"\/>\n\n\n\n<div class=\"wp-block-media-text is-stacked-on-mobile\" style=\"grid-template-columns:40% auto\"><figure class=\"wp-block-media-text__media\"><img loading=\"lazy\" decoding=\"async\" width=\"768\" height=\"1024\" src=\"https:\/\/kapala-maki.fi\/wp-content\/uploads\/2024\/08\/IMG-20240810-WA0026-768x1024.jpg\" alt=\"\" class=\"wp-image-202 size-full\" srcset=\"https:\/\/kapala-maki.fi\/wp-content\/uploads\/2024\/08\/IMG-20240810-WA0026-768x1024.jpg 768w, https:\/\/kapala-maki.fi\/wp-content\/uploads\/2024\/08\/IMG-20240810-WA0026-225x300.jpg 225w, https:\/\/kapala-maki.fi\/wp-content\/uploads\/2024\/08\/IMG-20240810-WA0026-1152x1536.jpg 1152w, https:\/\/kapala-maki.fi\/wp-content\/uploads\/2024\/08\/IMG-20240810-WA0026-1536x2048.jpg 1536w, https:\/\/kapala-maki.fi\/wp-content\/uploads\/2024\/08\/IMG-20240810-WA0026-scaled.jpg 1920w\" sizes=\"auto, (max-width: 768px) 100vw, 768px\" \/><\/figure><div class=\"wp-block-media-text__content\">\n<h3 class=\"wp-block-heading\">Muistathan varata koirallesi mukaan vett\u00e4, mik\u00e4li alueeltamme on vesi loppunut!<br>Talvella juomavett\u00e4 ei ole tarjolla, joten kannattaa varautua omalla pullolla.<\/h3>\n<\/div><\/div>\n\n\n\n<div class=\"wp-block-media-text is-stacked-on-mobile\" style=\"grid-template-columns:40% auto\"><figure class=\"wp-block-media-text__media\"><img loading=\"lazy\" decoding=\"async\" width=\"768\" height=\"1024\" src=\"https:\/\/kapala-maki.fi\/wp-content\/uploads\/2024\/08\/IMG-20240810-WA0020-2-768x1024.jpg\" alt=\"\" class=\"wp-image-191 size-full\" srcset=\"https:\/\/kapala-maki.fi\/wp-content\/uploads\/2024\/08\/IMG-20240810-WA0020-2-768x1024.jpg 768w, https:\/\/kapala-maki.fi\/wp-content\/uploads\/2024\/08\/IMG-20240810-WA0020-2-225x300.jpg 225w, https:\/\/kapala-maki.fi\/wp-content\/uploads\/2024\/08\/IMG-20240810-WA0020-2-1152x1536.jpg 1152w, https:\/\/kapala-maki.fi\/wp-content\/uploads\/2024\/08\/IMG-20240810-WA0020-2-1536x2048.jpg 1536w, https:\/\/kapala-maki.fi\/wp-content\/uploads\/2024\/08\/IMG-20240810-WA0020-2-scaled.jpg 1920w\" sizes=\"auto, (max-width: 768px) 100vw, 768px\" \/><\/figure><div class=\"wp-block-media-text__content\">\n<h3 class=\"wp-block-heading\">Toivoisimme ett\u00e4 mets\u00e4 pysyisi siistin\u00e4, ja jokainen k\u00e4vij\u00e4 pit\u00e4isi siit\u00e4 huolen.<br>Alueelta l\u00f6ytyy useita roskiksia ja lapioita koiran kakkoja varten, laitathan roskat roskikseen.<br>My\u00f6s koirankakkapusseja on tarjolla niille tarkoitettujen roskiksien vieress\u00e4.<\/h3>\n<\/div><\/div>\n\n\n\n<div class=\"wp-block-media-text is-stacked-on-mobile\" style=\"grid-template-columns:40% auto\"><figure class=\"wp-block-media-text__media\"><img loading=\"lazy\" decoding=\"async\" width=\"768\" height=\"1024\" src=\"https:\/\/kapala-maki.fi\/wp-content\/uploads\/2024\/08\/IMG-20240810-WA0022-2-768x1024.jpg\" alt=\"\" class=\"wp-image-190 size-full\" srcset=\"https:\/\/kapala-maki.fi\/wp-content\/uploads\/2024\/08\/IMG-20240810-WA0022-2-768x1024.jpg 768w, https:\/\/kapala-maki.fi\/wp-content\/uploads\/2024\/08\/IMG-20240810-WA0022-2-225x300.jpg 225w, https:\/\/kapala-maki.fi\/wp-content\/uploads\/2024\/08\/IMG-20240810-WA0022-2-1152x1536.jpg 1152w, https:\/\/kapala-maki.fi\/wp-content\/uploads\/2024\/08\/IMG-20240810-WA0022-2-1536x2048.jpg 1536w, https:\/\/kapala-maki.fi\/wp-content\/uploads\/2024\/08\/IMG-20240810-WA0022-2-scaled.jpg 1920w\" sizes=\"auto, (max-width: 768px) 100vw, 768px\" \/><\/figure><div class=\"wp-block-media-text__content\">\n<h3 class=\"wp-block-heading\">Alueellamme on tallentava kameravalvonta.<\/h3>\n<\/div><\/div>\n\n\n\n<div style=\"height:116px\" aria-hidden=\"true\" class=\"wp-block-spacer\"><\/div>\n","protected":false},"excerpt":{"rendered":"<p>K\u00e4p\u00e4l\u00e4m\u00e4en T\u00c4RKEIMM\u00c4T OHJEET! VUORON PERUUTUS EHDOT Varatun vuoron voit peruuttaa 24h ennen vuoron alkua. Vuoronperuutus tehd\u00e4\u00e4n ottamalla aina yhteytt\u00e4 K\u00c4P\u00c4L\u00c4M\u00c4KEEN puhelimitse 0400 768635 Maksamalla&nbsp;varausmaksun&nbsp;hyv\u00e4ksyt&nbsp;koiramets\u00e4n&nbsp;s\u00e4\u00e4nn\u00f6t.&nbsp;\ufeff Muistathan varata koirallesi mukaan vett\u00e4, mik\u00e4li alueeltamme on vesi loppunut!Talvella juomavett\u00e4 ei ole tarjolla, joten kannattaa varautua omalla pullolla. Toivoisimme ett\u00e4 mets\u00e4 pysyisi siistin\u00e4, ja jokainen k\u00e4vij\u00e4 pit\u00e4isi siit\u00e4 huolen.Alueelta l\u00f6ytyy [&hellip;]<\/p>\n","protected":false},"author":1,"featured_media":0,"parent":0,"menu_order":0,"comment_status":"closed","ping_status":"closed","template":"","meta":{"footnotes":""},"class_list":["post-52","page","type-page","status-publish","hentry"],"yoast_head":"<!-- This site is optimized with the Yoast SEO plugin v23.3 - https:\/\/yoast.com\/wordpress\/plugins\/seo\/ -->\n<title>S\u00e4\u00e4nn\u00f6t - Koiramets\u00e4 K\u00e4p\u00e4l\u00e4m\u00e4ki<\/title>\n<meta name=\"description\" content=\"Koiramets\u00e4 K\u00e4p\u00e4l\u00e4m\u00e4en t\u00e4rkeimm\u00e4t ohjeet l\u00f6yd\u00e4t t\u00e4\u00e4lt\u00e4! Edellisen varaajan poistuttua voit menn\u00e4 omalla porttikoodillasi sis\u00e4\u00e4n. Koodi toimii vasta tasan oman vuorosi alkaessa. Koodissa on 5 numeroa ja #.K\u00e4\u00e4nn\u00e4 oven sis\u00e4puolella oleva &quot;Varattu&quot;-kyltti parkkialueensuuntaan.\" \/>\n<meta name=\"robots\" content=\"index, follow, max-snippet:-1, max-image-preview:large, max-video-preview:-1\" \/>\n<link rel=\"canonical\" href=\"https:\/\/kapala-maki.fi\/?page_id=52\" \/>\n<meta property=\"og:locale\" content=\"fi_FI\" \/>\n<meta property=\"og:type\" content=\"article\" \/>\n<meta property=\"og:title\" content=\"S\u00e4\u00e4nn\u00f6t - Koiramets\u00e4 K\u00e4p\u00e4l\u00e4m\u00e4ki\" \/>\n<meta property=\"og:description\" content=\"Koiramets\u00e4 K\u00e4p\u00e4l\u00e4m\u00e4en t\u00e4rkeimm\u00e4t ohjeet l\u00f6yd\u00e4t t\u00e4\u00e4lt\u00e4! Edellisen varaajan poistuttua voit menn\u00e4 omalla porttikoodillasi sis\u00e4\u00e4n. Koodi toimii vasta tasan oman vuorosi alkaessa. Koodissa on 5 numeroa ja #.K\u00e4\u00e4nn\u00e4 oven sis\u00e4puolella oleva &quot;Varattu&quot;-kyltti parkkialueensuuntaan.\" \/>\n<meta property=\"og:url\" content=\"https:\/\/kapala-maki.fi\/?page_id=52\" \/>\n<meta property=\"og:site_name\" content=\"Koiramets\u00e4 K\u00e4p\u00e4l\u00e4m\u00e4ki\" \/>\n<meta property=\"article:modified_time\" content=\"2024-10-24T10:45:19+00:00\" \/>\n<meta property=\"og:image\" content=\"https:\/\/kapala-maki.fi\/wp-content\/uploads\/2024\/08\/IMG-20240810-WA0026-768x1024.jpg\" \/>\n<meta name=\"twitter:card\" content=\"summary_large_image\" \/>\n<meta name=\"twitter:label1\" content=\"Arvioitu lukuaika\" \/>\n\t<meta name=\"twitter:data1\" content=\"2 minuuttia\" \/>\n<script type=\"application\/ld+json\" class=\"yoast-schema-graph\">{\"@context\":\"https:\/\/schema.org\",\"@graph\":[{\"@type\":\"WebPage\",\"@id\":\"https:\/\/kapala-maki.fi\/?page_id=52\",\"url\":\"https:\/\/kapala-maki.fi\/?page_id=52\",\"name\":\"S\u00e4\u00e4nn\u00f6t - Koiramets\u00e4 K\u00e4p\u00e4l\u00e4m\u00e4ki\",\"isPartOf\":{\"@id\":\"https:\/\/kapala-maki.fi\/#website\"},\"primaryImageOfPage\":{\"@id\":\"https:\/\/kapala-maki.fi\/?page_id=52#primaryimage\"},\"image\":{\"@id\":\"https:\/\/kapala-maki.fi\/?page_id=52#primaryimage\"},\"thumbnailUrl\":\"https:\/\/kapala-maki.fi\/wp-content\/uploads\/2024\/08\/IMG-20240810-WA0026-768x1024.jpg\",\"datePublished\":\"2024-08-15T16:42:43+00:00\",\"dateModified\":\"2024-10-24T10:45:19+00:00\",\"description\":\"Koiramets\u00e4 K\u00e4p\u00e4l\u00e4m\u00e4en t\u00e4rkeimm\u00e4t ohjeet l\u00f6yd\u00e4t t\u00e4\u00e4lt\u00e4! Edellisen varaajan poistuttua voit menn\u00e4 omalla porttikoodillasi sis\u00e4\u00e4n. Koodi toimii vasta tasan oman vuorosi alkaessa. Koodissa on 5 numeroa ja #.K\u00e4\u00e4nn\u00e4 oven sis\u00e4puolella oleva \\\"Varattu\\\"-kyltti parkkialueensuuntaan.\",\"breadcrumb\":{\"@id\":\"https:\/\/kapala-maki.fi\/?page_id=52#breadcrumb\"},\"inLanguage\":\"fi\",\"potentialAction\":[{\"@type\":\"ReadAction\",\"target\":[\"https:\/\/kapala-maki.fi\/?page_id=52\"]}]},{\"@type\":\"ImageObject\",\"inLanguage\":\"fi\",\"@id\":\"https:\/\/kapala-maki.fi\/?page_id=52#primaryimage\",\"url\":\"https:\/\/kapala-maki.fi\/wp-content\/uploads\/2024\/08\/IMG-20240810-WA0026-scaled.jpg\",\"contentUrl\":\"https:\/\/kapala-maki.fi\/wp-content\/uploads\/2024\/08\/IMG-20240810-WA0026-scaled.jpg\",\"width\":1920,\"height\":2560},{\"@type\":\"BreadcrumbList\",\"@id\":\"https:\/\/kapala-maki.fi\/?page_id=52#breadcrumb\",\"itemListElement\":[{\"@type\":\"ListItem\",\"position\":1,\"name\":\"Etusivu\",\"item\":\"https:\/\/kapala-maki.fi\/\"},{\"@type\":\"ListItem\",\"position\":2,\"name\":\"S\u00e4\u00e4nn\u00f6t\"}]},{\"@type\":\"WebSite\",\"@id\":\"https:\/\/kapala-maki.fi\/#website\",\"url\":\"https:\/\/kapala-maki.fi\/\",\"name\":\"Koiramets\u00e4 K\u00e4p\u00e4l\u00e4m\u00e4ki\",\"description\":\"Akaan Koiramets\u00e4 K\u00e4p\u00e4l\u00e4m\u00e4ki nyt avattu!\",\"potentialAction\":[{\"@type\":\"SearchAction\",\"target\":{\"@type\":\"EntryPoint\",\"urlTemplate\":\"https:\/\/kapala-maki.fi\/?s={search_term_string}\"},\"query-input\":\"required name=search_term_string\"}],\"inLanguage\":\"fi\"}]}<\/script>\n<!-- \/ Yoast SEO plugin. -->","yoast_head_json":{"title":"S\u00e4\u00e4nn\u00f6t - Koiramets\u00e4 K\u00e4p\u00e4l\u00e4m\u00e4ki","description":"Koiramets\u00e4 K\u00e4p\u00e4l\u00e4m\u00e4en t\u00e4rkeimm\u00e4t ohjeet l\u00f6yd\u00e4t t\u00e4\u00e4lt\u00e4! Edellisen varaajan poistuttua voit menn\u00e4 omalla porttikoodillasi sis\u00e4\u00e4n. Koodi toimii vasta tasan oman vuorosi alkaessa. Koodissa on 5 numeroa ja #.K\u00e4\u00e4nn\u00e4 oven sis\u00e4puolella oleva \"Varattu\"-kyltti parkkialueensuuntaan.","robots":{"index":"index","follow":"follow","max-snippet":"max-snippet:-1","max-image-preview":"max-image-preview:large","max-video-preview":"max-video-preview:-1"},"canonical":"https:\/\/kapala-maki.fi\/?page_id=52","og_locale":"fi_FI","og_type":"article","og_title":"S\u00e4\u00e4nn\u00f6t - Koiramets\u00e4 K\u00e4p\u00e4l\u00e4m\u00e4ki","og_description":"Koiramets\u00e4 K\u00e4p\u00e4l\u00e4m\u00e4en t\u00e4rkeimm\u00e4t ohjeet l\u00f6yd\u00e4t t\u00e4\u00e4lt\u00e4! Edellisen varaajan poistuttua voit menn\u00e4 omalla porttikoodillasi sis\u00e4\u00e4n. Koodi toimii vasta tasan oman vuorosi alkaessa. Koodissa on 5 numeroa ja #.K\u00e4\u00e4nn\u00e4 oven sis\u00e4puolella oleva \"Varattu\"-kyltti parkkialueensuuntaan.","og_url":"https:\/\/kapala-maki.fi\/?page_id=52","og_site_name":"Koiramets\u00e4 K\u00e4p\u00e4l\u00e4m\u00e4ki","article_modified_time":"2024-10-24T10:45:19+00:00","og_image":[{"url":"https:\/\/kapala-maki.fi\/wp-content\/uploads\/2024\/08\/IMG-20240810-WA0026-768x1024.jpg"}],"twitter_card":"summary_large_image","twitter_misc":{"Arvioitu lukuaika":"2 minuuttia"},"schema":{"@context":"https:\/\/schema.org","@graph":[{"@type":"WebPage","@id":"https:\/\/kapala-maki.fi\/?page_id=52","url":"https:\/\/kapala-maki.fi\/?page_id=52","name":"S\u00e4\u00e4nn\u00f6t - Koiramets\u00e4 K\u00e4p\u00e4l\u00e4m\u00e4ki","isPartOf":{"@id":"https:\/\/kapala-maki.fi\/#website"},"primaryImageOfPage":{"@id":"https:\/\/kapala-maki.fi\/?page_id=52#primaryimage"},"image":{"@id":"https:\/\/kapala-maki.fi\/?page_id=52#primaryimage"},"thumbnailUrl":"https:\/\/kapala-maki.fi\/wp-content\/uploads\/2024\/08\/IMG-20240810-WA0026-768x1024.jpg","datePublished":"2024-08-15T16:42:43+00:00","dateModified":"2024-10-24T10:45:19+00:00","description":"Koiramets\u00e4 K\u00e4p\u00e4l\u00e4m\u00e4en t\u00e4rkeimm\u00e4t ohjeet l\u00f6yd\u00e4t t\u00e4\u00e4lt\u00e4! Edellisen varaajan poistuttua voit menn\u00e4 omalla porttikoodillasi sis\u00e4\u00e4n. Koodi toimii vasta tasan oman vuorosi alkaessa. Koodissa on 5 numeroa ja #.K\u00e4\u00e4nn\u00e4 oven sis\u00e4puolella oleva \"Varattu\"-kyltti parkkialueensuuntaan.","breadcrumb":{"@id":"https:\/\/kapala-maki.fi\/?page_id=52#breadcrumb"},"inLanguage":"fi","potentialAction":[{"@type":"ReadAction","target":["https:\/\/kapala-maki.fi\/?page_id=52"]}]},{"@type":"ImageObject","inLanguage":"fi","@id":"https:\/\/kapala-maki.fi\/?page_id=52#primaryimage","url":"https:\/\/kapala-maki.fi\/wp-content\/uploads\/2024\/08\/IMG-20240810-WA0026-scaled.jpg","contentUrl":"https:\/\/kapala-maki.fi\/wp-content\/uploads\/2024\/08\/IMG-20240810-WA0026-scaled.jpg","width":1920,"height":2560},{"@type":"BreadcrumbList","@id":"https:\/\/kapala-maki.fi\/?page_id=52#breadcrumb","itemListElement":[{"@type":"ListItem","position":1,"name":"Etusivu","item":"https:\/\/kapala-maki.fi\/"},{"@type":"ListItem","position":2,"name":"S\u00e4\u00e4nn\u00f6t"}]},{"@type":"WebSite","@id":"https:\/\/kapala-maki.fi\/#website","url":"https:\/\/kapala-maki.fi\/","name":"Koiramets\u00e4 K\u00e4p\u00e4l\u00e4m\u00e4ki","description":"Akaan Koiramets\u00e4 K\u00e4p\u00e4l\u00e4m\u00e4ki nyt avattu!","potentialAction":[{"@type":"SearchAction","target":{"@type":"EntryPoint","urlTemplate":"https:\/\/kapala-maki.fi\/?s={search_term_string}"},"query-input":"required name=search_term_string"}],"inLanguage":"fi"}]}},"_links":{"self":[{"href":"https:\/\/kapala-maki.fi\/index.php?rest_route=\/wp\/v2\/pages\/52","targetHints":{"allow":["GET"]}}],"collection":[{"href":"https:\/\/kapala-maki.fi\/index.php?rest_route=\/wp\/v2\/pages"}],"about":[{"href":"https:\/\/kapala-maki.fi\/index.php?rest_route=\/wp\/v2\/types\/page"}],"author":[{"embeddable":true,"href":"https:\/\/kapala-maki.fi\/index.php?rest_route=\/wp\/v2\/users\/1"}],"replies":[{"embeddable":true,"href":"https:\/\/kapala-maki.fi\/index.php?rest_route=%2Fwp%2Fv2%2Fcomments&post=52"}],"version-history":[{"count":14,"href":"https:\/\/kapala-maki.fi\/index.php?rest_route=\/wp\/v2\/pages\/52\/revisions"}],"predecessor-version":[{"id":278,"href":"https:\/\/kapala-maki.fi\/index.php?rest_route=\/wp\/v2\/pages\/52\/revisions\/278"}],"wp:attachment":[{"href":"https:\/\/kapala-maki.fi\/index.php?rest_route=%2Fwp%2Fv2%2Fmedia&parent=52"}],"curies":[{"name":"wp","href":"https:\/\/api.w.org\/{rel}","templated":true}]}}