{"id":50,"date":"2024-08-15T16:42:34","date_gmt":"2024-08-15T16:42:34","guid":{"rendered":"https:\/\/kapala-maki.fi\/?page_id=50"},"modified":"2024-08-24T06:13:20","modified_gmt":"2024-08-24T06:13:20","slug":"yhteystiedot","status":"publish","type":"page","link":"https:\/\/kapala-maki.fi\/?page_id=50","title":{"rendered":"Yhteystiedot"},"content":{"rendered":"\n<hr class=\"wp-block-separator has-alpha-channel-opacity is-style-wide\"\/>\n\n\n\n<h4 class=\"wp-block-heading\">Koiramets\u00e4n s\u00e4hk\u00f6posti \/ <a href=\"mailto:kapalama@kapala-maki.fi\">kapalama@<\/a><a href=\"mailto:koirametsa@kapala-maki.fi\">kapala-maki.fi<\/a><\/h4>\n\n\n\n<h4 class=\"wp-block-heading\">Puhelinnumero \/ Pasi Hurme 040 076 8635<\/h4>\n\n\n\n<hr class=\"wp-block-separator has-alpha-channel-opacity is-style-wide\"\/>\n\n\n\n<div class=\"wp-block-media-text is-stacked-on-mobile\"><figure class=\"wp-block-media-text__media\"><img loading=\"lazy\" decoding=\"async\" width=\"1024\" height=\"683\" src=\"https:\/\/kapala-maki.fi\/wp-content\/uploads\/2024\/08\/DSC0036-1024x683.jpg\" alt=\"\" class=\"wp-image-214 size-full\" srcset=\"https:\/\/kapala-maki.fi\/wp-content\/uploads\/2024\/08\/DSC0036-1024x683.jpg 1024w, https:\/\/kapala-maki.fi\/wp-content\/uploads\/2024\/08\/DSC0036-300x200.jpg 300w, https:\/\/kapala-maki.fi\/wp-content\/uploads\/2024\/08\/DSC0036-768x512.jpg 768w, https:\/\/kapala-maki.fi\/wp-content\/uploads\/2024\/08\/DSC0036-1536x1024.jpg 1536w, https:\/\/kapala-maki.fi\/wp-content\/uploads\/2024\/08\/DSC0036-2048x1365.jpg 2048w\" sizes=\"auto, (max-width: 1024px) 100vw, 1024px\" \/><\/figure><div class=\"wp-block-media-text__content\">\n<h2 class=\"wp-block-heading\">Palautteet<\/h2>\n\n\n\n<h3 class=\"wp-block-heading\"><br>Otamme mielell\u00e4mme vastaan kokemuksia ja palautteita, pyrimme parantamaan aluetta koko ajan. Palautetta voit laittaa s\u00e4hk\u00f6postiin!<\/h3>\n\n\n\n<h3 class=\"wp-block-heading\"><a href=\"mailto:koirametsa@kapala-maki.fi\">koirametsa@kapala-maki.fi<\/a><\/h3>\n<\/div><\/div>\n\n\n\n<div class=\"wp-block-media-text is-stacked-on-mobile\"><figure class=\"wp-block-media-text__media\"><img loading=\"lazy\" decoding=\"async\" width=\"768\" height=\"1024\" src=\"https:\/\/kapala-maki.fi\/wp-content\/uploads\/2024\/08\/IMG-20240810-WA0016-1-768x1024.jpg\" alt=\"\" class=\"wp-image-215 size-full\" srcset=\"https:\/\/kapala-maki.fi\/wp-content\/uploads\/2024\/08\/IMG-20240810-WA0016-1-768x1024.jpg 768w, https:\/\/kapala-maki.fi\/wp-content\/uploads\/2024\/08\/IMG-20240810-WA0016-1-225x300.jpg 225w, https:\/\/kapala-maki.fi\/wp-content\/uploads\/2024\/08\/IMG-20240810-WA0016-1-1152x1536.jpg 1152w, https:\/\/kapala-maki.fi\/wp-content\/uploads\/2024\/08\/IMG-20240810-WA0016-1-1536x2048.jpg 1536w, https:\/\/kapala-maki.fi\/wp-content\/uploads\/2024\/08\/IMG-20240810-WA0016-1-scaled.jpg 1920w\" sizes=\"auto, (max-width: 768px) 100vw, 768px\" \/><\/figure><div class=\"wp-block-media-text__content\">\n<h2 class=\"wp-block-heading\">Yhteydenotot<\/h2>\n\n\n\n<h3 class=\"wp-block-heading\"><br>Ongelmatilanteissa tavoitat meid\u00e4t numerosta 0400 768635<\/h3>\n\n\n\n<h3 class=\"wp-block-heading\">Muissa asioissa voit olla yhteydess\u00e4 s\u00e4hk\u00f6postilla.<\/h3>\n\n\n\n<h3 class=\"wp-block-heading\"><a href=\"mailto:kapalama@kapala-maki.fi\">kapalama@kapala-maki.f<\/a><a href=\"mailto:koirametsa@kapala-maki.fi\">i<\/a><\/h3>\n<\/div><\/div>\n","protected":false},"excerpt":{"rendered":"<p>Koiramets\u00e4n s\u00e4hk\u00f6posti \/ kapalama@kapala-maki.fi Puhelinnumero \/ Pasi Hurme 040 076 8635 Palautteet Otamme mielell\u00e4mme vastaan kokemuksia ja palautteita, pyrimme parantamaan aluetta koko ajan. Palautetta voit laittaa s\u00e4hk\u00f6postiin! koirametsa@kapala-maki.fi Yhteydenotot Ongelmatilanteissa tavoitat meid\u00e4t numerosta 0400 768635 Muissa asioissa voit olla yhteydess\u00e4 s\u00e4hk\u00f6postilla. kapalama@kapala-maki.fi<\/p>\n","protected":false},"author":1,"featured_media":0,"parent":0,"menu_order":0,"comment_status":"open","ping_status":"closed","template":"","meta":{"footnotes":""},"class_list":["post-50","page","type-page","status-publish","hentry"],"yoast_head":"<!-- This site is optimized with the Yoast SEO plugin v23.3 - https:\/\/yoast.com\/wordpress\/plugins\/seo\/ -->\n<title>Yhteystiedot - Koiramets\u00e4 K\u00e4p\u00e4l\u00e4m\u00e4ki<\/title>\n<meta name=\"description\" content=\"Koiramets\u00e4n s\u00e4hk\u00f6posti \/ kapalama@kapala-maki.fi Puhelinnumero \/ Pasi Hurme 040 076 8635\" \/>\n<meta name=\"robots\" content=\"index, follow, max-snippet:-1, max-image-preview:large, max-video-preview:-1\" \/>\n<link rel=\"canonical\" href=\"https:\/\/kapala-maki.fi\/?page_id=50\" \/>\n<meta property=\"og:locale\" content=\"fi_FI\" \/>\n<meta property=\"og:type\" content=\"article\" \/>\n<meta property=\"og:title\" content=\"Yhteystiedot - Koiramets\u00e4 K\u00e4p\u00e4l\u00e4m\u00e4ki\" \/>\n<meta property=\"og:description\" content=\"Koiramets\u00e4n s\u00e4hk\u00f6posti \/ kapalama@kapala-maki.fi Puhelinnumero \/ Pasi Hurme 040 076 8635\" \/>\n<meta property=\"og:url\" content=\"https:\/\/kapala-maki.fi\/?page_id=50\" \/>\n<meta property=\"og:site_name\" content=\"Koiramets\u00e4 K\u00e4p\u00e4l\u00e4m\u00e4ki\" \/>\n<meta property=\"article:modified_time\" content=\"2024-08-24T06:13:20+00:00\" \/>\n<meta property=\"og:image\" content=\"https:\/\/kapala-maki.fi\/wp-content\/uploads\/2024\/08\/DSC0036-1024x683.jpg\" \/>\n<meta name=\"twitter:card\" content=\"summary_large_image\" \/>\n<meta name=\"twitter:label1\" content=\"Arvioitu lukuaika\" \/>\n\t<meta name=\"twitter:data1\" content=\"1 minuutti\" \/>\n<script type=\"application\/ld+json\" class=\"yoast-schema-graph\">{\"@context\":\"https:\/\/schema.org\",\"@graph\":[{\"@type\":\"WebPage\",\"@id\":\"https:\/\/kapala-maki.fi\/?page_id=50\",\"url\":\"https:\/\/kapala-maki.fi\/?page_id=50\",\"name\":\"Yhteystiedot - Koiramets\u00e4 K\u00e4p\u00e4l\u00e4m\u00e4ki\",\"isPartOf\":{\"@id\":\"https:\/\/kapala-maki.fi\/#website\"},\"primaryImageOfPage\":{\"@id\":\"https:\/\/kapala-maki.fi\/?page_id=50#primaryimage\"},\"image\":{\"@id\":\"https:\/\/kapala-maki.fi\/?page_id=50#primaryimage\"},\"thumbnailUrl\":\"https:\/\/kapala-maki.fi\/wp-content\/uploads\/2024\/08\/DSC0036-1024x683.jpg\",\"datePublished\":\"2024-08-15T16:42:34+00:00\",\"dateModified\":\"2024-08-24T06:13:20+00:00\",\"description\":\"Koiramets\u00e4n s\u00e4hk\u00f6posti \/ kapalama@kapala-maki.fi Puhelinnumero \/ Pasi Hurme 040 076 8635\",\"breadcrumb\":{\"@id\":\"https:\/\/kapala-maki.fi\/?page_id=50#breadcrumb\"},\"inLanguage\":\"fi\",\"potentialAction\":[{\"@type\":\"ReadAction\",\"target\":[\"https:\/\/kapala-maki.fi\/?page_id=50\"]}]},{\"@type\":\"ImageObject\",\"inLanguage\":\"fi\",\"@id\":\"https:\/\/kapala-maki.fi\/?page_id=50#primaryimage\",\"url\":\"https:\/\/kapala-maki.fi\/wp-content\/uploads\/2024\/08\/DSC0036-scaled.jpg\",\"contentUrl\":\"https:\/\/kapala-maki.fi\/wp-content\/uploads\/2024\/08\/DSC0036-scaled.jpg\",\"width\":2560,\"height\":1707},{\"@type\":\"BreadcrumbList\",\"@id\":\"https:\/\/kapala-maki.fi\/?page_id=50#breadcrumb\",\"itemListElement\":[{\"@type\":\"ListItem\",\"position\":1,\"name\":\"Etusivu\",\"item\":\"https:\/\/kapala-maki.fi\/\"},{\"@type\":\"ListItem\",\"position\":2,\"name\":\"Yhteystiedot\"}]},{\"@type\":\"WebSite\",\"@id\":\"https:\/\/kapala-maki.fi\/#website\",\"url\":\"https:\/\/kapala-maki.fi\/\",\"name\":\"Koiramets\u00e4 K\u00e4p\u00e4l\u00e4m\u00e4ki\",\"description\":\"Akaan Koiramets\u00e4 K\u00e4p\u00e4l\u00e4m\u00e4ki nyt avattu!\",\"potentialAction\":[{\"@type\":\"SearchAction\",\"target\":{\"@type\":\"EntryPoint\",\"urlTemplate\":\"https:\/\/kapala-maki.fi\/?s={search_term_string}\"},\"query-input\":\"required name=search_term_string\"}],\"inLanguage\":\"fi\"}]}<\/script>\n<!-- \/ Yoast SEO plugin. -->","yoast_head_json":{"title":"Yhteystiedot - Koiramets\u00e4 K\u00e4p\u00e4l\u00e4m\u00e4ki","description":"Koiramets\u00e4n s\u00e4hk\u00f6posti \/ kapalama@kapala-maki.fi Puhelinnumero \/ Pasi Hurme 040 076 8635","robots":{"index":"index","follow":"follow","max-snippet":"max-snippet:-1","max-image-preview":"max-image-preview:large","max-video-preview":"max-video-preview:-1"},"canonical":"https:\/\/kapala-maki.fi\/?page_id=50","og_locale":"fi_FI","og_type":"article","og_title":"Yhteystiedot - Koiramets\u00e4 K\u00e4p\u00e4l\u00e4m\u00e4ki","og_description":"Koiramets\u00e4n s\u00e4hk\u00f6posti \/ kapalama@kapala-maki.fi Puhelinnumero \/ Pasi Hurme 040 076 8635","og_url":"https:\/\/kapala-maki.fi\/?page_id=50","og_site_name":"Koiramets\u00e4 K\u00e4p\u00e4l\u00e4m\u00e4ki","article_modified_time":"2024-08-24T06:13:20+00:00","og_image":[{"url":"https:\/\/kapala-maki.fi\/wp-content\/uploads\/2024\/08\/DSC0036-1024x683.jpg"}],"twitter_card":"summary_large_image","twitter_misc":{"Arvioitu lukuaika":"1 minuutti"},"schema":{"@context":"https:\/\/schema.org","@graph":[{"@type":"WebPage","@id":"https:\/\/kapala-maki.fi\/?page_id=50","url":"https:\/\/kapala-maki.fi\/?page_id=50","name":"Yhteystiedot - Koiramets\u00e4 K\u00e4p\u00e4l\u00e4m\u00e4ki","isPartOf":{"@id":"https:\/\/kapala-maki.fi\/#website"},"primaryImageOfPage":{"@id":"https:\/\/kapala-maki.fi\/?page_id=50#primaryimage"},"image":{"@id":"https:\/\/kapala-maki.fi\/?page_id=50#primaryimage"},"thumbnailUrl":"https:\/\/kapala-maki.fi\/wp-content\/uploads\/2024\/08\/DSC0036-1024x683.jpg","datePublished":"2024-08-15T16:42:34+00:00","dateModified":"2024-08-24T06:13:20+00:00","description":"Koiramets\u00e4n s\u00e4hk\u00f6posti \/ kapalama@kapala-maki.fi Puhelinnumero \/ Pasi Hurme 040 076 8635","breadcrumb":{"@id":"https:\/\/kapala-maki.fi\/?page_id=50#breadcrumb"},"inLanguage":"fi","potentialAction":[{"@type":"ReadAction","target":["https:\/\/kapala-maki.fi\/?page_id=50"]}]},{"@type":"ImageObject","inLanguage":"fi","@id":"https:\/\/kapala-maki.fi\/?page_id=50#primaryimage","url":"https:\/\/kapala-maki.fi\/wp-content\/uploads\/2024\/08\/DSC0036-scaled.jpg","contentUrl":"https:\/\/kapala-maki.fi\/wp-content\/uploads\/2024\/08\/DSC0036-scaled.jpg","width":2560,"height":1707},{"@type":"BreadcrumbList","@id":"https:\/\/kapala-maki.fi\/?page_id=50#breadcrumb","itemListElement":[{"@type":"ListItem","position":1,"name":"Etusivu","item":"https:\/\/kapala-maki.fi\/"},{"@type":"ListItem","position":2,"name":"Yhteystiedot"}]},{"@type":"WebSite","@id":"https:\/\/kapala-maki.fi\/#website","url":"https:\/\/kapala-maki.fi\/","name":"Koiramets\u00e4 K\u00e4p\u00e4l\u00e4m\u00e4ki","description":"Akaan Koiramets\u00e4 K\u00e4p\u00e4l\u00e4m\u00e4ki nyt avattu!","potentialAction":[{"@type":"SearchAction","target":{"@type":"EntryPoint","urlTemplate":"https:\/\/kapala-maki.fi\/?s={search_term_string}"},"query-input":"required name=search_term_string"}],"inLanguage":"fi"}]}},"_links":{"self":[{"href":"https:\/\/kapala-maki.fi\/index.php?rest_route=\/wp\/v2\/pages\/50","targetHints":{"allow":["GET"]}}],"collection":[{"href":"https:\/\/kapala-maki.fi\/index.php?rest_route=\/wp\/v2\/pages"}],"about":[{"href":"https:\/\/kapala-maki.fi\/index.php?rest_route=\/wp\/v2\/types\/page"}],"author":[{"embeddable":true,"href":"https:\/\/kapala-maki.fi\/index.php?rest_route=\/wp\/v2\/users\/1"}],"replies":[{"embeddable":true,"href":"https:\/\/kapala-maki.fi\/index.php?rest_route=%2Fwp%2Fv2%2Fcomments&post=50"}],"version-history":[{"count":6,"href":"https:\/\/kapala-maki.fi\/index.php?rest_route=\/wp\/v2\/pages\/50\/revisions"}],"predecessor-version":[{"id":246,"href":"https:\/\/kapala-maki.fi\/index.php?rest_route=\/wp\/v2\/pages\/50\/revisions\/246"}],"wp:attachment":[{"href":"https:\/\/kapala-maki.fi\/index.php?rest_route=%2Fwp%2Fv2%2Fmedia&parent=50"}],"curies":[{"name":"wp","href":"https:\/\/api.w.org\/{rel}","templated":true}]}}